{"id":12768,"date":"2017-02-08T10:13:53","date_gmt":"2017-02-08T09:13:53","guid":{"rendered":"http:\/\/www.mekanotjanst.se\/?page_id=12768"},"modified":"2024-04-12T07:11:29","modified_gmt":"2024-04-12T05:11:29","slug":"start","status":"publish","type":"page","link":"https:\/\/www.mekanotjanst.se\/en\/","title":{"rendered":"Home"},"content":{"rendered":"<p><div class=\"fusion-fullwidth fullwidth-box fusion-builder-row-1 fusion-flex-container video-background hundred-percent-fullwidth non-hundred-percent-height-scrolling\" style=\"--awb-border-radius-top-left:0px;--awb-border-radius-top-right:0px;--awb-border-radius-bottom-right:0px;--awb-border-radius-bottom-left:0px;--awb-padding-right-medium:0px;--awb-flex-wrap:wrap;\" ><div class=\"fullwidth-video\"><video preload=\"auto\" autoplay playsinline loop muted><source src=\"https:\/\/www.mekanotjanst.se\/wp-content\/uploads\/2024\/01\/Blandat-ny2401.mp4\" type=\"video\/mp4\"><\/video><\/div><div class=\"fusion-builder-row fusion-row fusion-flex-align-items-flex-start fusion-flex-justify-content-flex-end fusion-flex-content-wrap\" style=\"width:104% !important;max-width:104% !important;margin-left: calc(-4% \/ 2 );margin-right: calc(-4% \/ 2 );\"><div class=\"fusion-layout-column fusion_builder_column fusion-builder-column-0 fusion_builder_column_2_5 2_5 fusion-flex-column\" style=\"--awb-padding-top:191px;--awb-padding-bottom:198px;--awb-padding-top-medium:193px;--awb-padding-left-medium:75px;--awb-padding-top-small:212px;--awb-padding-bottom-small:198px;--awb-padding-left-small:85px;--awb-bg-position:left center;--awb-bg-size:cover;--awb-width-large:40%;--awb-margin-top-large:150px;--awb-spacing-right-large:4.8%;--awb-margin-bottom-large:150px;--awb-spacing-left-large:4.8%;--awb-width-medium:50%;--awb-order-medium:0;--awb-spacing-right-medium:3.84%;--awb-spacing-left-medium:3.84%;--awb-width-small:75%;--awb-order-small:0;--awb-spacing-right-small:2.56%;--awb-spacing-left-small:2.56%;\"><div class=\"fusion-column-wrapper fusion-column-has-shadow fusion-flex-justify-content-flex-start fusion-content-layout-column\"><\/div><\/div><\/div><\/div><div class=\"fusion-fullwidth fullwidth-box fusion-builder-row-2 fusion-flex-container nonhundred-percent-fullwidth non-hundred-percent-height-scrolling\" style=\"--awb-background-position:left top;--awb-border-sizes-top:0px;--awb-border-sizes-bottom:0px;--awb-border-sizes-left:0px;--awb-border-sizes-right:0px;--awb-border-radius-top-left:0px;--awb-border-radius-top-right:0px;--awb-border-radius-bottom-right:0px;--awb-border-radius-bottom-left:0px;--awb-padding-top:60px;--awb-padding-right:20px;--awb-padding-bottom:20px;--awb-padding-left:20px;--awb-flex-wrap:wrap;\" ><div class=\"fusion-builder-row fusion-row fusion-flex-align-items-flex-start fusion-flex-content-wrap\" style=\"max-width:calc( 1100px + 0px );margin-left: calc(-0px \/ 2 );margin-right: calc(-0px \/ 2 );\"><div class=\"fusion-layout-column fusion_builder_column fusion-builder-column-1 fusion_builder_column_1_1 1_1 fusion-flex-column fusion-flex-align-self-flex-start fusion-column-no-min-height\" style=\"--awb-bg-blend:overlay;--awb-bg-size:cover;--awb-width-large:100%;--awb-margin-top-large:0px;--awb-spacing-right-large:0px;--awb-margin-bottom-large:0px;--awb-spacing-left-large:0px;--awb-width-medium:100%;--awb-spacing-right-medium:0px;--awb-spacing-left-medium:0px;--awb-width-small:100%;--awb-spacing-right-small:0px;--awb-spacing-left-small:0px;\"><div class=\"fusion-column-wrapper fusion-flex-justify-content-flex-start fusion-content-layout-column\"><div class=\"fusion-title title fusion-title-1 fusion-sep-none fusion-title-text fusion-title-size-one\" style=\"--awb-margin-top-small:10px;--awb-margin-right-small:0px;--awb-margin-bottom-small:10px;--awb-margin-left-small:0px;\"><h1 class=\"fusion-title-heading title-heading-left fusion-responsive-typography-calculated\" style=\"margin:0;--fontSize:50;line-height:1.2;\">Mekanotj\u00e4nst is your first choice of long-term collaborative partner<\/h1><\/div><div class=\"fusion-title title fusion-title-2 fusion-sep-none fusion-title-text fusion-title-size-three\" style=\"--awb-margin-top-small:10px;--awb-margin-right-small:0px;--awb-margin-bottom-small:10px;--awb-margin-left-small:0px;\"><h3 class=\"fusion-title-heading title-heading-left fusion-responsive-typography-calculated\" style=\"margin:0;--fontSize:24;line-height:1.6;\"><p>Mekanotj\u00e4nst has a broad range of skills, experience and capacity to stay with you all the way from product concept to profitable series production. Mekanotj\u00e4nst\u2019s strength lies in the ability to develop cost-effective, long-term solutions in collaboration with the customer for everything from the manufacture of simple products to complex system deliveries.<\/p>\n<p>Mekanotj\u00e4nst collaborates with world leaders in telecom, electronics, medical technology and the mechanical engineering industry. Mekanotj\u00e4nst strive to achieve long-term relationships and does what it takes to deliver competitive solutions of the highest quality.<\/p><\/h3><\/div><\/div><\/div><\/div><\/div><div class=\"fusion-fullwidth fullwidth-box fusion-builder-row-3 fusion-flex-container nonhundred-percent-fullwidth non-hundred-percent-height-scrolling\" style=\"--awb-background-position:left top;--awb-border-sizes-top:0px;--awb-border-sizes-bottom:0px;--awb-border-sizes-left:0px;--awb-border-sizes-right:0px;--awb-border-radius-top-left:0px;--awb-border-radius-top-right:0px;--awb-border-radius-bottom-right:0px;--awb-border-radius-bottom-left:0px;--awb-padding-top:20px;--awb-padding-bottom:20px;--awb-flex-wrap:wrap;\" ><div class=\"fusion-builder-row fusion-row fusion-flex-align-items-flex-start fusion-flex-content-wrap\" style=\"max-width:1144px;margin-left: calc(-4% \/ 2 );margin-right: calc(-4% \/ 2 );\"><div class=\"fusion-layout-column fusion_builder_column fusion-builder-column-2 fusion_builder_column_1_2 1_2 fusion-flex-column\" style=\"--awb-bg-blend:overlay;--awb-bg-size:cover;--awb-width-large:50%;--awb-margin-top-large:0px;--awb-spacing-right-large:3.84%;--awb-margin-bottom-large:20px;--awb-spacing-left-large:3.84%;--awb-width-medium:50%;--awb-spacing-right-medium:3.84%;--awb-spacing-left-medium:3.84%;--awb-width-small:100%;--awb-spacing-right-small:1.92%;--awb-spacing-left-small:1.92%;\"><div class=\"fusion-column-wrapper fusion-flex-justify-content-flex-start fusion-content-layout-column\"><div class=\"fusion-image-element \" style=\"text-align:center;--awb-caption-title-font-family:var(--h2_typography-font-family);--awb-caption-title-font-weight:var(--h2_typography-font-weight);--awb-caption-title-font-style:var(--h2_typography-font-style);--awb-caption-title-size:var(--h2_typography-font-size);--awb-caption-title-transform:var(--h2_typography-text-transform);--awb-caption-title-line-height:var(--h2_typography-line-height);--awb-caption-title-letter-spacing:var(--h2_typography-letter-spacing);\"><span class=\" fusion-imageframe imageframe-none imageframe-1 hover-type-zoomin fusion-animated\" data-animationType=\"fadeInUp\" data-animationDuration=\"1.0\" data-animationOffset=\"top-into-view\"><a class=\"fusion-no-lightbox\" href=\"\/skarande-bearbetning\/\" target=\"_self\" aria-label=\"Sk\u00e4rande_bearbetning\"><img decoding=\"async\" width=\"1000\" height=\"667\" alt=\"Mazak borr\" src=\"https:\/\/www.mekanotjanst.se\/wp-content\/uploads\/2023\/12\/Skarande_bearbetning.webp\" class=\"img-responsive wp-image-14357\" srcset=\"https:\/\/www.mekanotjanst.se\/wp-content\/uploads\/2023\/12\/Skarande_bearbetning-200x133.webp 200w, https:\/\/www.mekanotjanst.se\/wp-content\/uploads\/2023\/12\/Skarande_bearbetning-400x267.webp 400w, https:\/\/www.mekanotjanst.se\/wp-content\/uploads\/2023\/12\/Skarande_bearbetning-600x400.webp 600w, https:\/\/www.mekanotjanst.se\/wp-content\/uploads\/2023\/12\/Skarande_bearbetning-800x534.webp 800w, https:\/\/www.mekanotjanst.se\/wp-content\/uploads\/2023\/12\/Skarande_bearbetning.webp 1000w\" sizes=\"(max-width: 640px) 100vw, 600px\" \/><\/a><\/span><\/div><div class=\"fusion-separator fusion-full-width-sep\" style=\"align-self: center;margin-left: auto;margin-right: auto;margin-top:18px;width:100%;\"><\/div><div class=\"fusion-title title fusion-title-3 fusion-sep-none fusion-title-text fusion-title-size-three\" style=\"--awb-margin-bottom:10px;--awb-margin-top-small:10px;--awb-margin-right-small:0px;--awb-margin-bottom-small:10px;--awb-margin-left-small:0px;\"><h3 class=\"fusion-title-heading title-heading-left fusion-responsive-typography-calculated\" style=\"margin:0;--fontSize:24;line-height:1.6;\">Turning and milling<\/h3><\/div><div class=\"fusion-text fusion-text-1\"><p>Mekanotj\u00e4nst offers a broad range of turning and milling services that meet market requirements for cost-effective, quality-assured manufacturing. A constant development of production technology and ongoing investments in modern equipment guarantee Mekanotj\u00e4nst\u2019s ability to meet these requirements both today and tomorrow.<\/p>\n<\/div><div ><a class=\"fusion-button button-flat fusion-button-default-size button-default fusion-button-default button-1 fusion-button-default-span fusion-button-default-type\" target=\"_self\" href=\"https:\/\/www.mekanotjanst.se\/turning-and-milling\/?lang=en\"><span class=\"fusion-button-text awb-button__text awb-button__text--default\">Read more about turning and milling<\/span><\/a><\/div><\/div><\/div><div class=\"fusion-layout-column fusion_builder_column fusion-builder-column-3 fusion_builder_column_1_2 1_2 fusion-flex-column\" style=\"--awb-bg-blend:overlay;--awb-bg-size:cover;--awb-width-large:50%;--awb-margin-top-large:0px;--awb-spacing-right-large:3.84%;--awb-margin-bottom-large:20px;--awb-spacing-left-large:3.84%;--awb-width-medium:50%;--awb-spacing-right-medium:3.84%;--awb-spacing-left-medium:3.84%;--awb-width-small:100%;--awb-spacing-right-small:1.92%;--awb-spacing-left-small:1.92%;\"><div class=\"fusion-column-wrapper fusion-flex-justify-content-flex-start fusion-content-layout-column\"><div class=\"fusion-image-element \" style=\"text-align:center;--awb-caption-title-font-family:var(--h2_typography-font-family);--awb-caption-title-font-weight:var(--h2_typography-font-weight);--awb-caption-title-font-style:var(--h2_typography-font-style);--awb-caption-title-size:var(--h2_typography-font-size);--awb-caption-title-transform:var(--h2_typography-text-transform);--awb-caption-title-line-height:var(--h2_typography-line-height);--awb-caption-title-letter-spacing:var(--h2_typography-letter-spacing);\"><span class=\" fusion-imageframe imageframe-none imageframe-2 hover-type-zoomin fusion-animated\" data-animationType=\"fadeInUp\" data-animationDuration=\"1.0\" data-animationOffset=\"top-into-view\"><a class=\"fusion-no-lightbox\" href=\"\/platbearbetning\/\" target=\"_self\" aria-label=\"Pl\u00e5tbearbetning_HAPE4439\"><img decoding=\"async\" width=\"1000\" height=\"667\" alt=\"Maskin som sk\u00e4r i pl\u00e5t\" src=\"https:\/\/www.mekanotjanst.se\/wp-content\/uploads\/2023\/12\/Platbearbetning_HAPE4439.webp\" class=\"img-responsive wp-image-14355\" srcset=\"https:\/\/www.mekanotjanst.se\/wp-content\/uploads\/2023\/12\/Platbearbetning_HAPE4439-200x133.webp 200w, https:\/\/www.mekanotjanst.se\/wp-content\/uploads\/2023\/12\/Platbearbetning_HAPE4439-400x267.webp 400w, https:\/\/www.mekanotjanst.se\/wp-content\/uploads\/2023\/12\/Platbearbetning_HAPE4439-600x400.webp 600w, https:\/\/www.mekanotjanst.se\/wp-content\/uploads\/2023\/12\/Platbearbetning_HAPE4439-800x534.webp 800w, https:\/\/www.mekanotjanst.se\/wp-content\/uploads\/2023\/12\/Platbearbetning_HAPE4439.webp 1000w\" sizes=\"(max-width: 640px) 100vw, 600px\" \/><\/a><\/span><\/div><div class=\"fusion-separator fusion-full-width-sep\" style=\"align-self: center;margin-left: auto;margin-right: auto;margin-top:18px;width:100%;\"><\/div><div class=\"fusion-title title fusion-title-4 fusion-sep-none fusion-title-text fusion-title-size-three\" style=\"--awb-margin-bottom:10px;--awb-margin-top-small:10px;--awb-margin-right-small:0px;--awb-margin-bottom-small:10px;--awb-margin-left-small:0px;\"><h3 class=\"fusion-title-heading title-heading-left fusion-responsive-typography-calculated\" style=\"margin:0;--fontSize:24;line-height:1.6;\">Sheet metal processing<\/h3><\/div><div class=\"fusion-text fusion-text-2\"><p>Mekanotj\u00e4nst carries out most types of sheet metal processing and has modern equipment for stamping, laser cutting, brake pressing, excenter pressing and welding. Mekanotj\u00e4nst\u2019s strength lies in the ability to deliver cost-effective, advanced sheet metal fabrication based on its broad range of skills and extensive experience.<\/p>\n<\/div><div ><a class=\"fusion-button button-flat fusion-button-default-size button-default fusion-button-default button-2 fusion-button-default-span fusion-button-default-type\" target=\"_self\" href=\"https:\/\/www.mekanotjanst.se\/sheet-metal-processing\/?lang=en\"><span class=\"fusion-button-text awb-button__text awb-button__text--default\">Read more about sheet metal processing<\/span><\/a><\/div><\/div><\/div><div class=\"fusion-layout-column fusion_builder_column fusion-builder-column-4 fusion_builder_column_1_2 1_2 fusion-flex-column\" style=\"--awb-bg-blend:overlay;--awb-bg-size:cover;--awb-width-large:50%;--awb-margin-top-large:0px;--awb-spacing-right-large:3.84%;--awb-margin-bottom-large:20px;--awb-spacing-left-large:3.84%;--awb-width-medium:50%;--awb-spacing-right-medium:3.84%;--awb-spacing-left-medium:3.84%;--awb-width-small:100%;--awb-spacing-right-small:1.92%;--awb-spacing-left-small:1.92%;\"><div class=\"fusion-column-wrapper fusion-flex-justify-content-flex-start fusion-content-layout-column\"><div class=\"fusion-image-element \" style=\"text-align:center;--awb-caption-title-font-family:var(--h2_typography-font-family);--awb-caption-title-font-weight:var(--h2_typography-font-weight);--awb-caption-title-font-style:var(--h2_typography-font-style);--awb-caption-title-size:var(--h2_typography-font-size);--awb-caption-title-transform:var(--h2_typography-text-transform);--awb-caption-title-line-height:var(--h2_typography-line-height);--awb-caption-title-letter-spacing:var(--h2_typography-letter-spacing);\"><span class=\" fusion-imageframe imageframe-none imageframe-3 hover-type-zoomin fusion-animated\" data-animationType=\"fadeInUp\" data-animationDuration=\"1.0\" data-animationOffset=\"top-into-view\"><a class=\"fusion-no-lightbox\" href=\"\/montering\/\" target=\"_self\" aria-label=\"22juni_9\"><img decoding=\"async\" width=\"1000\" height=\"667\" alt=\"Cylinderformade produkter p\u00e5 rad\" src=\"https:\/\/www.mekanotjanst.se\/wp-content\/uploads\/2023\/12\/22juni_9.webp\" class=\"img-responsive wp-image-14320\" srcset=\"https:\/\/www.mekanotjanst.se\/wp-content\/uploads\/2023\/12\/22juni_9-200x133.webp 200w, https:\/\/www.mekanotjanst.se\/wp-content\/uploads\/2023\/12\/22juni_9-400x267.webp 400w, https:\/\/www.mekanotjanst.se\/wp-content\/uploads\/2023\/12\/22juni_9-600x400.webp 600w, https:\/\/www.mekanotjanst.se\/wp-content\/uploads\/2023\/12\/22juni_9-800x534.webp 800w, https:\/\/www.mekanotjanst.se\/wp-content\/uploads\/2023\/12\/22juni_9.webp 1000w\" sizes=\"(max-width: 640px) 100vw, 600px\" \/><\/a><\/span><\/div><div class=\"fusion-separator fusion-full-width-sep\" style=\"align-self: center;margin-left: auto;margin-right: auto;margin-top:18px;width:100%;\"><\/div><div class=\"fusion-title title fusion-title-5 fusion-sep-none fusion-title-text fusion-title-size-three\" style=\"--awb-margin-bottom:10px;--awb-margin-top-small:10px;--awb-margin-right-small:0px;--awb-margin-bottom-small:10px;--awb-margin-left-small:0px;\"><h3 class=\"fusion-title-heading title-heading-left fusion-responsive-typography-calculated\" style=\"margin:0;--fontSize:24;line-height:1.6;\">Assembly<\/h3><\/div><div class=\"fusion-text fusion-text-3\"><p>Mekanotj\u00e4nst\u2019s manpower and assembly skills enable delivery of complete, assembled products that meet highest demands for quality and cost-effectiveness. The assembly lines are highly flexible and have the skills and capacity for assembling a wide range of products, from highly detailed electromechanics to large, complex modules.<\/p>\n<\/div><div ><a class=\"fusion-button button-flat fusion-button-default-size button-default fusion-button-default button-3 fusion-button-default-span fusion-button-default-type\" target=\"_self\" href=\"https:\/\/www.mekanotjanst.se\/assembly\/?lang=en\"><span class=\"fusion-button-text awb-button__text awb-button__text--default\">Read more about assembly<\/span><\/a><\/div><\/div><\/div><div class=\"fusion-layout-column fusion_builder_column fusion-builder-column-5 fusion_builder_column_1_2 1_2 fusion-flex-column\" style=\"--awb-bg-blend:overlay;--awb-bg-size:cover;--awb-width-large:50%;--awb-margin-top-large:0px;--awb-spacing-right-large:3.84%;--awb-margin-bottom-large:20px;--awb-spacing-left-large:3.84%;--awb-width-medium:50%;--awb-spacing-right-medium:3.84%;--awb-spacing-left-medium:3.84%;--awb-width-small:100%;--awb-spacing-right-small:1.92%;--awb-spacing-left-small:1.92%;\"><div class=\"fusion-column-wrapper fusion-flex-justify-content-flex-start fusion-content-layout-column\"><div class=\"fusion-image-element \" style=\"text-align:center;--awb-caption-title-font-family:var(--h2_typography-font-family);--awb-caption-title-font-weight:var(--h2_typography-font-weight);--awb-caption-title-font-style:var(--h2_typography-font-style);--awb-caption-title-size:var(--h2_typography-font-size);--awb-caption-title-transform:var(--h2_typography-text-transform);--awb-caption-title-line-height:var(--h2_typography-line-height);--awb-caption-title-letter-spacing:var(--h2_typography-letter-spacing);\"><span class=\" fusion-imageframe imageframe-none imageframe-4 hover-type-zoomin fusion-animated\" data-animationType=\"fadeInUp\" data-animationDuration=\"1.0\" data-animationOffset=\"top-into-view\"><a class=\"fusion-no-lightbox\" href=\"\/rorbearbetning\/\" target=\"_self\" aria-label=\"_APE1496\"><img decoding=\"async\" width=\"1000\" height=\"667\" alt=\"St\u00e5lr\u00f6r p\u00e5 rad\" src=\"https:\/\/www.mekanotjanst.se\/wp-content\/uploads\/2023\/12\/APE1496.webp\" class=\"img-responsive wp-image-14318\" srcset=\"https:\/\/www.mekanotjanst.se\/wp-content\/uploads\/2023\/12\/APE1496-200x133.webp 200w, https:\/\/www.mekanotjanst.se\/wp-content\/uploads\/2023\/12\/APE1496-400x267.webp 400w, https:\/\/www.mekanotjanst.se\/wp-content\/uploads\/2023\/12\/APE1496-600x400.webp 600w, https:\/\/www.mekanotjanst.se\/wp-content\/uploads\/2023\/12\/APE1496-800x534.webp 800w, https:\/\/www.mekanotjanst.se\/wp-content\/uploads\/2023\/12\/APE1496.webp 1000w\" sizes=\"(max-width: 640px) 100vw, 600px\" \/><\/a><\/span><\/div><div class=\"fusion-separator fusion-full-width-sep\" style=\"align-self: center;margin-left: auto;margin-right: auto;margin-top:18px;width:100%;\"><\/div><div class=\"fusion-title title fusion-title-6 fusion-sep-none fusion-title-text fusion-title-size-three\" style=\"--awb-margin-bottom:10px;--awb-margin-top-small:10px;--awb-margin-right-small:0px;--awb-margin-bottom-small:10px;--awb-margin-left-small:0px;\"><h3 class=\"fusion-title-heading title-heading-left fusion-responsive-typography-calculated\" style=\"margin:0;--fontSize:24;line-height:1.6;\">Pipe processing<\/h3><\/div><div class=\"fusion-text fusion-text-4\"><p>Mekanotj\u00e4nst has long experience in the manufacture of tubular components and products for the mechanical engineering industry. Pipe processing includes bending, pipe end machining, welding and brazing. Mekanotj\u00e4nst also engineer, produce and assemble tubular products in steel, stainless steel, aluminium and copper.<\/p>\n<\/div><div ><a class=\"fusion-button button-flat fusion-button-default-size button-default fusion-button-default button-4 fusion-button-default-span fusion-button-default-type\" target=\"_self\" href=\"https:\/\/www.mekanotjanst.se\/pipe-processing\/?lang=en\"><span class=\"fusion-button-text awb-button__text awb-button__text--default\">Read more about pipe processing<\/span><\/a><\/div><\/div><\/div><\/div><\/div><\/p>\n","protected":false},"excerpt":{"rendered":"","protected":false},"author":3,"featured_media":0,"parent":0,"menu_order":0,"comment_status":"closed","ping_status":"closed","template":"100-width.php","meta":{"footnotes":""},"class_list":["post-12768","page","type-page","status-publish","hentry"],"_links":{"self":[{"href":"https:\/\/www.mekanotjanst.se\/en\/wp-json\/wp\/v2\/pages\/12768","targetHints":{"allow":["GET"]}}],"collection":[{"href":"https:\/\/www.mekanotjanst.se\/en\/wp-json\/wp\/v2\/pages"}],"about":[{"href":"https:\/\/www.mekanotjanst.se\/en\/wp-json\/wp\/v2\/types\/page"}],"author":[{"embeddable":true,"href":"https:\/\/www.mekanotjanst.se\/en\/wp-json\/wp\/v2\/users\/3"}],"replies":[{"embeddable":true,"href":"https:\/\/www.mekanotjanst.se\/en\/wp-json\/wp\/v2\/comments?post=12768"}],"version-history":[{"count":0,"href":"https:\/\/www.mekanotjanst.se\/en\/wp-json\/wp\/v2\/pages\/12768\/revisions"}],"wp:attachment":[{"href":"https:\/\/www.mekanotjanst.se\/en\/wp-json\/wp\/v2\/media?parent=12768"}],"curies":[{"name":"wp","href":"https:\/\/api.w.org\/{rel}","templated":true}]}}